{"id":2149,"date":"2026-01-11T15:09:14","date_gmt":"2026-01-11T15:09:14","guid":{"rendered":"https:\/\/branded-mugs.com\/?post_type=product&#038;p=2149"},"modified":"2026-01-12T13:16:16","modified_gmt":"2026-01-12T13:16:16","slug":"weisse-tasse-farbiger-innenraum-henkel-individuell-bedruckt","status":"publish","type":"product","link":"https:\/\/branded-mugs.com\/de\/product\/white-mug-inner-handle-colored-custom-printed\/","title":{"rendered":"Wei\u00dfe Tasse mit farbigem Innenraum und Henkel \u2013 Individuell bedruckt"},"content":{"rendered":"<p data-start=\"196\" data-end=\"393\" class=\"translation-block\">Wei\u00dfe Keramiktasse mit farbigem Innenraum und Henkel, in verschiedenen Farben erh\u00e4ltlich, individuell personalisiert mit Ihrem Logo, Bildern und\/oder Texten Ihrer Wahl.<br>\nDie ultra-helle wei\u00dfe Oberfl\u00e4che eignet sich ideal, um jedes Detail Ihres Designs mit lebendigen und klar definierten Farben hervorzuheben.<\/p>\n<h5 data-start=\"395\" data-end=\"423\">Technische Daten<\/h5>\n<p data-start=\"424\" data-end=\"722\" class=\"translation-block\"><strong>Fassungsverm\u00f6gen:<\/strong> 330 ml (11 oz) \u2013 Standardgr\u00f6\u00dfe, ideal f\u00fcr hei\u00dfe und kalte Getr\u00e4nke.<br>\n<strong>Material:<\/strong> Keramik<br>\n<strong>Farbe:<\/strong> Wei\u00df mit Innenraum und Henkel: rot, dunkel- und hellgr\u00fcn; dunkel- und hellblau; schwarz; gelb; orange; rosa<br>\n<strong>Abmessungen:<\/strong> Durchmesser 8 cm | H\u00f6he 9,5 cm<br>\n<strong>Druckfl\u00e4che:<\/strong> max. 20 cm x 9,5 cm (Panoramadruck)<br>\n<strong>Druckverfahren:<\/strong> Vollfarbdruck (CMYK) oder Einfarbdruck<\/p>\n<h5 data-start=\"724\" data-end=\"746\">Pflege &amp; Wartung<\/h5>\n<p data-start=\"747\" data-end=\"905\">Um die Brillanz des Drucks langfristig zu erhalten, wird Handw\u00e4sche empfohlen.<br><br data-start=\"826\" data-end=\"829\" \/>Vermeiden Sie abrasive Schw\u00e4mme oder aggressive Reinigungsmittel, die die Oberfl\u00e4che zerkratzen k\u00f6nnten.<\/p>\n<h5 data-start=\"907\" data-end=\"948\">Im Preis inbegriffen (KOSTENLOSE Services)<\/h5>\n<p data-start=\"949\" data-end=\"1282\" class=\"translation-block\"><strong>Tassendesign:<\/strong> Wir erstellen das Design basierend auf dem von Ihnen bereitgestellten Text, Bild oder Logo.<br>\n<strong>Grafische Vorschau (Mockup):<\/strong> Sie erhalten vor der Produktion eine digitale Vorschau zur Freigabe.<br>\n<strong>Variable Personalisierung:<\/strong> M\u00f6glichkeit, unterschiedliche Elemente auf jeder Tasse anzubringen (z. B. verschiedene Namen f\u00fcr jeden Mitarbeiter) ohne Aufpreis.<\/p>","protected":false},"excerpt":{"rendered":"<h5 data-start=\"98\" data-end=\"121\"><\/h5>\n<p data-start=\"122\" data-end=\"220\"><strong data-start=\"122\" data-end=\"220\">Der Mengenrabatt wird automatisch basierend auf der Anzahl der in den Warenkorb gelegten Einheiten angewendet.<\/strong><\/p>\n<p data-start=\"265\" data-end=\"402\"><strong data-start=\"265\" data-end=\"306\">Was beinhalten die angezeigten Preise?<\/strong><br data-start=\"306\" data-end=\"309\" \/>Die angegebenen Preise sind endg\u00fcltig und transparent (keine MwSt. anwendbar \u2013 Mehrwertsteuerbefreiung \u2013 EU).<\/p>\n<p data-start=\"404\" data-end=\"456\" class=\"translation-block\">Jedes Angebot enth\u00e4lt bereits alles, was Sie ben\u00f6tigen: Die Tasse (ausgew\u00e4hltes Modell) <strong>|<\/strong> Professionelle Personalisierung <strong>|<\/strong> Einzelne Schutzverpackung f\u00fcr jeden Artikel <strong>|<\/strong> Logistik &amp; Lieferung: sicherer Versand per Expresskurier<\/p>\n<p data-start=\"625\" data-end=\"707\">F\u00fcr weitere technische Details lesen Sie bitte die vollst\u00e4ndige Produktbeschreibung unten.<\/p>\n<hr data-start=\"709\" data-end=\"712\" \/>\n<h5 data-start=\"714\" data-end=\"736\">Produkteigenschaften<\/h5>\n<p data-start=\"737\" data-end=\"814\">Keramiktasse, individualisierbar mit Ihrem Logo, Bildern und\/oder Texten Ihrer Wahl.<\/p>\n<p data-start=\"816\" data-end=\"968\" class=\"translation-block\"><strong>Variable Daten ohne Aufpreis:<\/strong><br>\nDer Preis bleibt unver\u00e4ndert, wenn Sie variable Daten hinzuf\u00fcgen m\u00f6chten (z. B. einen unterschiedlichen Namen auf jeder Tasse Ihrer Bestellung).<\/p>\n<hr data-start=\"970\" data-end=\"973\" \/>\n<h5 data-start=\"975\" data-end=\"995\">So gehen Sie vor<\/h5>\n<p data-start=\"996\" data-end=\"1186\" class=\"translation-block\">Geben Sie den gew\u00fcnschten Text in das untenstehende Feld ein und\/oder laden Sie Ihre Bilder \u00fcber die Schaltfl\u00e4che <strong>\u201eDATEIEN DURCHSUCHEN\u201c<\/strong> hoch.<br>\nSie erhalten vor dem Druck ein professionelles Mockup per E-Mail zur Freigabe.<\/p>","protected":false},"featured_media":2150,"comment_status":"open","ping_status":"closed","template":"","meta":{"site-sidebar-layout":"default","site-content-layout":"","ast-site-content-layout":"default","site-content-style":"default","site-sidebar-style":"default","ast-global-header-display":"","ast-banner-title-visibility":"","ast-main-header-display":"","ast-hfb-above-header-display":"","ast-hfb-below-header-display":"","ast-hfb-mobile-header-display":"","site-post-title":"","ast-breadcrumbs-content":"","ast-featured-img":"","footer-sml-layout":"","ast-disable-related-posts":"","theme-transparent-header-meta":"default","adv-header-id-meta":"","stick-header-meta":"","header-above-stick-meta":"","header-main-stick-meta":"","header-below-stick-meta":"","astra-migrate-meta-layouts":"set","ast-page-background-enabled":"default","ast-page-background-meta":{"desktop":{"background-color":"var(--ast-global-color-4)","background-image":"","background-repeat":"repeat","background-position":"center center","background-size":"auto","background-attachment":"scroll","background-type":"","background-media":"","overlay-type":"","overlay-color":"","overlay-opacity":"","overlay-gradient":""},"tablet":{"background-color":"","background-image":"","background-repeat":"repeat","background-position":"center center","background-size":"auto","background-attachment":"scroll","background-type":"","background-media":"","overlay-type":"","overlay-color":"","overlay-opacity":"","overlay-gradient":""},"mobile":{"background-color":"","background-image":"","background-repeat":"repeat","background-position":"center center","background-size":"auto","background-attachment":"scroll","background-type":"","background-media":"","overlay-type":"","overlay-color":"","overlay-opacity":"","overlay-gradient":""}},"ast-content-background-meta":{"desktop":{"background-color":"var(--ast-global-color-5)","background-image":"","background-repeat":"repeat","background-position":"center center","background-size":"auto","background-attachment":"scroll","background-type":"","background-media":"","overlay-type":"","overlay-color":"","overlay-opacity":"","overlay-gradient":""},"tablet":{"background-color":"var(--ast-global-color-5)","background-image":"","background-repeat":"repeat","background-position":"center center","background-size":"auto","background-attachment":"scroll","background-type":"","background-media":"","overlay-type":"","overlay-color":"","overlay-opacity":"","overlay-gradient":""},"mobile":{"background-color":"var(--ast-global-color-5)","background-image":"","background-repeat":"repeat","background-position":"center center","background-size":"auto","background-attachment":"scroll","background-type":"","background-media":"","overlay-type":"","overlay-color":"","overlay-opacity":"","overlay-gradient":""}}},"product_brand":[],"product_cat":[18,17],"product_tag":[],"class_list":{"0":"post-2149","1":"product","2":"type-product","3":"status-publish","4":"has-post-thumbnail","6":"product_cat-colored-mugs","7":"product_cat-custom-printed-mugs","8":"desktop-align-left","9":"tablet-align-left","10":"mobile-align-left","12":"first","13":"instock","14":"shipping-taxable","15":"purchasable","16":"product-type-variable"},"_links":{"self":[{"href":"https:\/\/branded-mugs.com\/de\/wp-json\/wp\/v2\/product\/2149","targetHints":{"allow":["GET"]}}],"collection":[{"href":"https:\/\/branded-mugs.com\/de\/wp-json\/wp\/v2\/product"}],"about":[{"href":"https:\/\/branded-mugs.com\/de\/wp-json\/wp\/v2\/types\/product"}],"replies":[{"embeddable":true,"href":"https:\/\/branded-mugs.com\/de\/wp-json\/wp\/v2\/comments?post=2149"}],"wp:featuredmedia":[{"embeddable":true,"href":"https:\/\/branded-mugs.com\/de\/wp-json\/wp\/v2\/media\/2150"}],"wp:attachment":[{"href":"https:\/\/branded-mugs.com\/de\/wp-json\/wp\/v2\/media?parent=2149"}],"wp:term":[{"taxonomy":"product_brand","embeddable":true,"href":"https:\/\/branded-mugs.com\/de\/wp-json\/wp\/v2\/product_brand?post=2149"},{"taxonomy":"product_cat","embeddable":true,"href":"https:\/\/branded-mugs.com\/de\/wp-json\/wp\/v2\/product_cat?post=2149"},{"taxonomy":"product_tag","embeddable":true,"href":"https:\/\/branded-mugs.com\/de\/wp-json\/wp\/v2\/product_tag?post=2149"}],"curies":[{"name":"wp","href":"https:\/\/api.w.org\/{rel}","templated":true}]}}