{"id":2303,"date":"2026-01-15T12:55:46","date_gmt":"2026-01-15T12:55:46","guid":{"rendered":"https:\/\/branded-mugs.com\/?post_type=product&#038;p=2303"},"modified":"2026-01-16T15:14:20","modified_gmt":"2026-01-16T15:14:20","slug":"taza-magica-impresion-personalizada","status":"publish","type":"product","link":"https:\/\/branded-mugs.com\/es\/product\/magic-mug-custom-printed\/","title":{"rendered":"Magic Mug &#8211;  Custom Printed"},"content":{"rendered":"<p data-start=\"196\" data-end=\"393\" class=\"translation-block\">Taza de cer\u00e1mica blanca, recubierta con un revestimiento termosensible, disponible en varios colores, personalizada con tu logotipo, im\u00e1genes y\/o textos a tu elecci\u00f3n.<br>\nLa base blanca ultra brillante es ideal para resaltar cada detalle de tu dise\u00f1o con colores vivos y bien definidos.<\/p>\n<h5 data-start=\"395\" data-end=\"423\">Especificaciones t\u00e9cnicas<\/h5>\n<p data-start=\"424\" data-end=\"722\" class=\"translation-block\"><strong>Capacidad:<\/strong> 330 ml (11 oz) \u2013 tama\u00f1o est\u00e1ndar, ideal para cualquier bebida caliente o fr\u00eda.<br>\n<strong>Material:<\/strong> Cer\u00e1mica<br>\n<strong>Color:<\/strong> recubrimiento termosensible, disponible en varios colores: rojo, azul, negro<br>\n<strong>Dimensiones:<\/strong> Di\u00e1metro 8 cm | Altura 9,5 cm<br>\n<strong>\u00c1rea de impresi\u00f3n:<\/strong> m\u00e1x. 20 cm x 9,5 cm (impresi\u00f3n panor\u00e1mica)<br>\n<strong>M\u00e9todo de impresi\u00f3n:<\/strong> impresi\u00f3n a todo color (CMYK) o impresi\u00f3n monocrom\u00e1tica<\/p>\n<h5 data-start=\"724\" data-end=\"746\">Cuidado y mantenimiento<\/h5>\n<p data-start=\"747\" data-end=\"905\">Para conservar el brillo de la impresi\u00f3n con el paso del tiempo, se recomienda el lavado a mano.<br><br data-start=\"826\" data-end=\"829\" \/>Evita el uso de esponjas abrasivas o detergentes corrosivos que puedan rayar la superficie.<\/p>\n<h5 data-start=\"907\" data-end=\"948\">Incluido en el precio (Servicios GRATUITOS)<\/h5>\n<p data-start=\"949\" data-end=\"1282\" class=\"translation-block\"><strong>Dise\u00f1o de la taza:<\/strong> Creamos el dise\u00f1o gr\u00e1fico bas\u00e1ndonos en el texto, la imagen o el logotipo que proporciones.<br>\n<strong>Vista previa gr\u00e1fica (Mockup):<\/strong> Recibir\u00e1s una vista previa digital para su aprobaci\u00f3n antes de la producci\u00f3n.<br>\n<strong>Personalizaci\u00f3n variable:<\/strong> Posibilidad de incluir elementos diferentes en cada taza (por ejemplo, nombres distintos para cada empleado) sin coste adicional.<\/p>","protected":false},"excerpt":{"rendered":"<h5 data-start=\"98\" data-end=\"121\"><\/h5>\n<p data-start=\"122\" data-end=\"220\"><strong data-start=\"122\" data-end=\"220\">El descuento por cantidad se aplica autom\u00e1ticamente seg\u00fan el n\u00famero de unidades a\u00f1adidas al carrito.<\/strong><\/p>\n<p data-start=\"265\" data-end=\"402\"><strong data-start=\"265\" data-end=\"306\">\u00bfQu\u00e9 incluyen los precios mostrados?<\/strong><br data-start=\"306\" data-end=\"309\" \/>Los precios indicados son finales y transparentes (IVA no aplicable \u2013 r\u00e9gimen de exenci\u00f3n del IVA \u2013 UE).<\/p>\n<p data-start=\"404\" data-end=\"456\" class=\"translation-block\">Cada cotizaci\u00f3n ya incluye todo lo que necesitas: La taza (modelo seleccionado) <strong>|<\/strong> Personalizaci\u00f3n profesional <strong>|<\/strong> Caja protectora individual para cada art\u00edculo <strong>|<\/strong> Log\u00edstica y entrega: env\u00edo seguro mediante mensajer\u00eda expr\u00e9s<\/p>\n<p data-start=\"625\" data-end=\"707\">Para m\u00e1s detalles t\u00e9cnicos, consulta la descripci\u00f3n completa del producto a continuaci\u00f3n.<\/p>\n<hr data-start=\"709\" data-end=\"712\" \/>\n<h5 data-start=\"714\" data-end=\"736\">Caracter\u00edsticas del producto<\/h5>\n<p data-start=\"737\" data-end=\"814\">Taza de cer\u00e1mica, personalizable con tu logotipo, im\u00e1genes y\/o textos a tu elecci\u00f3n.<\/p>\n<p data-start=\"816\" data-end=\"968\" class=\"translation-block\"><strong>Datos variables sin coste adicional:<\/strong><br>\nEl precio se mantiene igual si deseas incluir datos variables (por ejemplo, un nombre diferente en cada taza de tu pedido).<\/p>\n<hr data-start=\"970\" data-end=\"973\" \/>\n<h5 data-start=\"975\" data-end=\"995\">C\u00f3mo proceder<\/h5>\n<p data-start=\"996\" data-end=\"1186\" class=\"translation-block\">Introduce el texto deseado en el campo inferior y\/o sube tus im\u00e1genes haciendo clic en el bot\u00f3n <strong>\u00ab EXAMINAR ARCHIVOS \u00bb<\/strong>.<br>\nRecibir\u00e1s por correo electr\u00f3nico una maqueta profesional para su aprobaci\u00f3n antes de la impresi\u00f3n.<\/p>","protected":false},"featured_media":2309,"comment_status":"open","ping_status":"closed","template":"","meta":{"site-sidebar-layout":"default","site-content-layout":"","ast-site-content-layout":"default","site-content-style":"default","site-sidebar-style":"default","ast-global-header-display":"","ast-banner-title-visibility":"","ast-main-header-display":"","ast-hfb-above-header-display":"","ast-hfb-below-header-display":"","ast-hfb-mobile-header-display":"","site-post-title":"","ast-breadcrumbs-content":"","ast-featured-img":"","footer-sml-layout":"","ast-disable-related-posts":"","theme-transparent-header-meta":"default","adv-header-id-meta":"","stick-header-meta":"","header-above-stick-meta":"","header-main-stick-meta":"","header-below-stick-meta":"","astra-migrate-meta-layouts":"set","ast-page-background-enabled":"default","ast-page-background-meta":{"desktop":{"background-color":"var(--ast-global-color-4)","background-image":"","background-repeat":"repeat","background-position":"center center","background-size":"auto","background-attachment":"scroll","background-type":"","background-media":"","overlay-type":"","overlay-color":"","overlay-opacity":"","overlay-gradient":""},"tablet":{"background-color":"","background-image":"","background-repeat":"repeat","background-position":"center center","background-size":"auto","background-attachment":"scroll","background-type":"","background-media":"","overlay-type":"","overlay-color":"","overlay-opacity":"","overlay-gradient":""},"mobile":{"background-color":"","background-image":"","background-repeat":"repeat","background-position":"center center","background-size":"auto","background-attachment":"scroll","background-type":"","background-media":"","overlay-type":"","overlay-color":"","overlay-opacity":"","overlay-gradient":""}},"ast-content-background-meta":{"desktop":{"background-color":"var(--ast-global-color-5)","background-image":"","background-repeat":"repeat","background-position":"center center","background-size":"auto","background-attachment":"scroll","background-type":"","background-media":"","overlay-type":"","overlay-color":"","overlay-opacity":"","overlay-gradient":""},"tablet":{"background-color":"var(--ast-global-color-5)","background-image":"","background-repeat":"repeat","background-position":"center center","background-size":"auto","background-attachment":"scroll","background-type":"","background-media":"","overlay-type":"","overlay-color":"","overlay-opacity":"","overlay-gradient":""},"mobile":{"background-color":"var(--ast-global-color-5)","background-image":"","background-repeat":"repeat","background-position":"center center","background-size":"auto","background-attachment":"scroll","background-type":"","background-media":"","overlay-type":"","overlay-color":"","overlay-opacity":"","overlay-gradient":""}}},"product_brand":[],"product_cat":[17,39],"product_tag":[],"class_list":{"0":"post-2303","1":"product","2":"type-product","3":"status-publish","4":"has-post-thumbnail","6":"product_cat-custom-printed-mugs","7":"product_cat-magic-mugs","8":"desktop-align-left","9":"tablet-align-left","10":"mobile-align-left","12":"first","13":"instock","14":"shipping-taxable","15":"purchasable","16":"product-type-variable"},"_links":{"self":[{"href":"https:\/\/branded-mugs.com\/es\/wp-json\/wp\/v2\/product\/2303","targetHints":{"allow":["GET"]}}],"collection":[{"href":"https:\/\/branded-mugs.com\/es\/wp-json\/wp\/v2\/product"}],"about":[{"href":"https:\/\/branded-mugs.com\/es\/wp-json\/wp\/v2\/types\/product"}],"replies":[{"embeddable":true,"href":"https:\/\/branded-mugs.com\/es\/wp-json\/wp\/v2\/comments?post=2303"}],"wp:featuredmedia":[{"embeddable":true,"href":"https:\/\/branded-mugs.com\/es\/wp-json\/wp\/v2\/media\/2309"}],"wp:attachment":[{"href":"https:\/\/branded-mugs.com\/es\/wp-json\/wp\/v2\/media?parent=2303"}],"wp:term":[{"taxonomy":"product_brand","embeddable":true,"href":"https:\/\/branded-mugs.com\/es\/wp-json\/wp\/v2\/product_brand?post=2303"},{"taxonomy":"product_cat","embeddable":true,"href":"https:\/\/branded-mugs.com\/es\/wp-json\/wp\/v2\/product_cat?post=2303"},{"taxonomy":"product_tag","embeddable":true,"href":"https:\/\/branded-mugs.com\/es\/wp-json\/wp\/v2\/product_tag?post=2303"}],"curies":[{"name":"wp","href":"https:\/\/api.w.org\/{rel}","templated":true}]}}