{"id":2431,"date":"2026-01-16T10:13:44","date_gmt":"2026-01-16T10:13:44","guid":{"rendered":"https:\/\/branded-mugs.com\/?post_type=product&#038;p=2431"},"modified":"2026-01-16T10:40:58","modified_gmt":"2026-01-16T10:40:58","slug":"thermos-en-metal-isotherme-impression-personnalisee","status":"publish","type":"product","link":"https:\/\/branded-mugs.com\/fr\/product\/insulated-metal-thermos-custom-printed\/","title":{"rendered":"Thermos en m\u00e9tal isotherme \u2013 Impression personnalis\u00e9e"},"content":{"rendered":"<p data-start=\"196\" data-end=\"393\" class=\"translation-block\">Thermos en m\u00e9tal isotherme, personnalis\u00e9e avec votre logo, images et\/ou textes de votre choix. La base blanche ultra-brillante est id\u00e9ale pour mettre en valeur chaque d\u00e9tail de votre design avec des couleurs vives et bien d\u00e9finies<\/p>\n<h5 data-start=\"395\" data-end=\"423\">Sp\u00e9cifications techniques<\/h5>\n<p data-start=\"424\" data-end=\"722\" class=\"translation-block\"><strong>Capacit\u00e9 :<\/strong> 500 ml \u2013 format standard, id\u00e9al pour toute boisson chaude ou froide.<br>\n<strong>Mat\u00e9riau :<\/strong> Acier inoxydable \u00e9maill\u00e9<br>\n<strong>Couleur :<\/strong> Blanc<br>\n<strong>Dimensions :<\/strong> Diam\u00e8tre 6,6 cm | Hauteur 25 cm<br>\n<strong>Zone d\u2019impression :<\/strong> max. 17 cm x 7,5 cm (impression panoramique)<br>\n<strong>Type d\u2019impression :<\/strong> impression en quadrichromie (CMJN) ou impression monochrome<\/p>\n<h5 data-start=\"724\" data-end=\"746\">Entretien et maintenance<\/h5>\n<p data-start=\"747\" data-end=\"905\">Afin de pr\u00e9server la brillance de l\u2019impression dans le temps, le lavage \u00e0 la main est recommand\u00e9.<br><br data-start=\"826\" data-end=\"829\" \/>\u00c9vitez l\u2019utilisation d\u2019\u00e9ponges abrasives ou de d\u00e9tergents corrosifs susceptibles de rayer la surface.<\/p>\n<h5 data-start=\"907\" data-end=\"948\">Inclus dans le prix (Services GRATUITS)<\/h5>\n<p data-start=\"949\" data-end=\"1282\" class=\"translation-block\"><strong>Design du mug :<\/strong> Nous r\u00e9alisons la cr\u00e9ation graphique \u00e0 partir du texte, de l\u2019image ou du logo que vous fournissez.<br>\n<strong>Aper\u00e7u graphique (Mockup) :<\/strong> Vous recevrez un aper\u00e7u num\u00e9rique pour validation avant la production.<br>\n<strong>Personnalisation variable :<\/strong> Possibilit\u00e9 d\u2019inclure des \u00e9l\u00e9ments diff\u00e9rents sur chaque mug (par exemple, des noms diff\u00e9rents pour chaque employ\u00e9) sans frais suppl\u00e9mentaires.<\/p>","protected":false},"excerpt":{"rendered":"<h5 data-start=\"98\" data-end=\"121\"><\/h5>\n<p data-start=\"122\" data-end=\"220\"><strong data-start=\"122\" data-end=\"220\">La remise sur quantit\u00e9 est appliqu\u00e9e automatiquement en fonction du nombre d\u2019unit\u00e9s ajout\u00e9es au panier.<\/strong><\/p>\n<p data-start=\"265\" data-end=\"402\"><strong data-start=\"265\" data-end=\"306\">Que comprennent les prix affich\u00e9s ?<\/strong><br data-start=\"306\" data-end=\"309\" \/>Les prix affich\u00e9s sont d\u00e9finitifs et transparents (TVA non applicable \u2013 r\u00e9gime de franchise de TVA \u2013 UE).<\/p>\n<p data-start=\"404\" data-end=\"456\" class=\"translation-block\">Chaque devis inclut d\u00e9j\u00e0 tout ce dont vous avez besoin : La tasse (mod\u00e8le s\u00e9lectionn\u00e9) <strong>|<\/strong> Personnalisation professionnelle <strong>|<\/strong> Bo\u00eete de protection individuelle pour chaque article <strong>|<\/strong> Logistique &amp; livraison : exp\u00e9dition s\u00e9curis\u00e9e par courrier express<\/p>\n<p data-start=\"625\" data-end=\"707\">Pour plus de d\u00e9tails techniques, veuillez consulter la description compl\u00e8te du produit ci-dessous.<\/p>\n<hr data-start=\"709\" data-end=\"712\" \/>\n<h5 data-start=\"714\" data-end=\"736\">Caract\u00e9ristiques du produit<\/h5>\n<p data-start=\"737\" data-end=\"814\">Mug en c\u00e9ramique, personnalisable avec votre logo, images et\/ou textes de votre choix.<\/p>\n<p data-start=\"816\" data-end=\"968\" class=\"translation-block\"><strong>Donn\u00e9es variables sans frais suppl\u00e9mentaires :<\/strong><br>\nLe prix reste inchang\u00e9 si vous souhaitez inclure des donn\u00e9es variables (par exemple, un nom diff\u00e9rent sur chaque mug de votre commande).<\/p>\n<hr data-start=\"970\" data-end=\"973\" \/>\n<h5 data-start=\"975\" data-end=\"995\">Comment proc\u00e9der<\/h5>\n<p data-start=\"996\" data-end=\"1186\" class=\"translation-block\">Saisissez le texte souhait\u00e9 dans le champ ci-dessous et\/ou t\u00e9l\u00e9chargez vos images en cliquant sur le bouton <strong>\u00ab PARCOURIR LES FICHIERS \u00bb<\/strong>.<br>\nVous recevrez par e-mail une maquette professionnelle pour validation avant l\u2019impression.<\/p>","protected":false},"featured_media":2432,"comment_status":"open","ping_status":"closed","template":"","meta":{"site-sidebar-layout":"default","site-content-layout":"","ast-site-content-layout":"default","site-content-style":"default","site-sidebar-style":"default","ast-global-header-display":"","ast-banner-title-visibility":"","ast-main-header-display":"","ast-hfb-above-header-display":"","ast-hfb-below-header-display":"","ast-hfb-mobile-header-display":"","site-post-title":"","ast-breadcrumbs-content":"","ast-featured-img":"","footer-sml-layout":"","ast-disable-related-posts":"","theme-transparent-header-meta":"default","adv-header-id-meta":"","stick-header-meta":"","header-above-stick-meta":"","header-main-stick-meta":"","header-below-stick-meta":"","astra-migrate-meta-layouts":"set","ast-page-background-enabled":"default","ast-page-background-meta":{"desktop":{"background-color":"var(--ast-global-color-4)","background-image":"","background-repeat":"repeat","background-position":"center center","background-size":"auto","background-attachment":"scroll","background-type":"","background-media":"","overlay-type":"","overlay-color":"","overlay-opacity":"","overlay-gradient":""},"tablet":{"background-color":"","background-image":"","background-repeat":"repeat","background-position":"center center","background-size":"auto","background-attachment":"scroll","background-type":"","background-media":"","overlay-type":"","overlay-color":"","overlay-opacity":"","overlay-gradient":""},"mobile":{"background-color":"","background-image":"","background-repeat":"repeat","background-position":"center center","background-size":"auto","background-attachment":"scroll","background-type":"","background-media":"","overlay-type":"","overlay-color":"","overlay-opacity":"","overlay-gradient":""}},"ast-content-background-meta":{"desktop":{"background-color":"var(--ast-global-color-5)","background-image":"","background-repeat":"repeat","background-position":"center center","background-size":"auto","background-attachment":"scroll","background-type":"","background-media":"","overlay-type":"","overlay-color":"","overlay-opacity":"","overlay-gradient":""},"tablet":{"background-color":"var(--ast-global-color-5)","background-image":"","background-repeat":"repeat","background-position":"center center","background-size":"auto","background-attachment":"scroll","background-type":"","background-media":"","overlay-type":"","overlay-color":"","overlay-opacity":"","overlay-gradient":""},"mobile":{"background-color":"var(--ast-global-color-5)","background-image":"","background-repeat":"repeat","background-position":"center center","background-size":"auto","background-attachment":"scroll","background-type":"","background-media":"","overlay-type":"","overlay-color":"","overlay-opacity":"","overlay-gradient":""}}},"product_brand":[],"product_cat":[17,45],"product_tag":[],"class_list":{"0":"post-2431","1":"product","2":"type-product","3":"status-publish","4":"has-post-thumbnail","6":"product_cat-custom-printed-mugs","7":"product_cat-metallic-thermos","8":"desktop-align-left","9":"tablet-align-left","10":"mobile-align-left","12":"first","13":"instock","14":"shipping-taxable","15":"purchasable","16":"product-type-simple"},"_links":{"self":[{"href":"https:\/\/branded-mugs.com\/fr\/wp-json\/wp\/v2\/product\/2431","targetHints":{"allow":["GET"]}}],"collection":[{"href":"https:\/\/branded-mugs.com\/fr\/wp-json\/wp\/v2\/product"}],"about":[{"href":"https:\/\/branded-mugs.com\/fr\/wp-json\/wp\/v2\/types\/product"}],"replies":[{"embeddable":true,"href":"https:\/\/branded-mugs.com\/fr\/wp-json\/wp\/v2\/comments?post=2431"}],"wp:featuredmedia":[{"embeddable":true,"href":"https:\/\/branded-mugs.com\/fr\/wp-json\/wp\/v2\/media\/2432"}],"wp:attachment":[{"href":"https:\/\/branded-mugs.com\/fr\/wp-json\/wp\/v2\/media?parent=2431"}],"wp:term":[{"taxonomy":"product_brand","embeddable":true,"href":"https:\/\/branded-mugs.com\/fr\/wp-json\/wp\/v2\/product_brand?post=2431"},{"taxonomy":"product_cat","embeddable":true,"href":"https:\/\/branded-mugs.com\/fr\/wp-json\/wp\/v2\/product_cat?post=2431"},{"taxonomy":"product_tag","embeddable":true,"href":"https:\/\/branded-mugs.com\/fr\/wp-json\/wp\/v2\/product_tag?post=2431"}],"curies":[{"name":"wp","href":"https:\/\/api.w.org\/{rel}","templated":true}]}}